{"id":3,"date":"2024-08-15T08:14:07","date_gmt":"2024-08-15T08:14:07","guid":{"rendered":"http:\/\/www.fisiosanit.com\/?page_id=3"},"modified":"2025-01-03T12:34:21","modified_gmt":"2025-01-03T12:34:21","slug":"politica-privacidad","status":"publish","type":"page","link":"https:\/\/www.fisiosanit.com\/index.php\/politica-privacidad\/","title":{"rendered":"Pol\u00edtica de privacidad"},"content":{"rendered":"\n<div class=\"wp-block-columns is-layout-flex wp-container-core-columns-is-layout-9d6595d7 wp-block-columns-is-layout-flex\">\n<div class=\"wp-block-column is-layout-flow wp-block-column-is-layout-flow\" style=\"flex-basis:66.66%\">\n<p><strong>Protecci\u00f3n de datos de car\u00e1cter personal seg\u00fan el RGPD<\/strong><\/p>\n\n\n\n<p>Itziar S\u00e1nchez Fern\u00e1ndez, en aplicaci\u00f3n de la normativa vigente en materia de protecci\u00f3n de datos de car\u00e1cter personal, informa que los datos personales que se recogen a trav\u00e9s de los formularios del Sitio web <a href=\"https:\/\/www.fisiosanit.com\/\">https:\/\/www.fisiosanit.com\/<\/a>, se incluyen en los ficheros automatizados espec\u00edficos de usuarios de los servicios de Itziar S\u00e1nchez Fern\u00e1ndez.<\/p>\n\n\n\n<p>La recogida y tratamiento automatizado de los datos de car\u00e1cter personal tiene como finalidad el mantenimiento de la relaci\u00f3n comercial y el desempe\u00f1o de tareas de informaci\u00f3n, formaci\u00f3n, asesoramiento y otras actividades propias de Itziar S\u00e1nchez Fern\u00e1ndez.<\/p>\n\n\n\n<p>Estos datos \u00fanicamente ser\u00e1n cedidos a aquellas entidades que sean necesarias con el \u00fanico objetivo de dar cumplimiento a la finalidad anteriormente expuesta.<\/p>\n\n\n\n<p>Itziar S\u00e1nchez Fern\u00e1ndez adopta las medidas necesarias para garantizar la seguridad, integridad y confidencialidad de los datos conforme a lo dispuesto en el Reglamento (UE) 2016\/679 del Parlamento Europeo y del Consejo, de 27 de abril de 2016, relativo a la protecci\u00f3n de las personas f\u00edsicas en lo que respecta al tratamiento de datos personales y a la libre circulaci\u00f3n de los mismos.<\/p>\n<\/div>\n\n\n\n<div class=\"wp-block-column is-layout-flow wp-block-column-is-layout-flow\" style=\"flex-basis:33.33%\"><\/div>\n<\/div>\n","protected":false},"excerpt":{"rendered":"<p>Protecci\u00f3n de datos de car\u00e1cter personal seg\u00fan el RGPD Itziar S\u00e1nchez Fern\u00e1ndez, en aplicaci\u00f3n de la normativa vigente en materia de protecci\u00f3n de datos de car\u00e1cter personal, informa que los datos personales que se recogen a trav\u00e9s de los formularios del Sitio web https:\/\/www.fisiosanit.com\/, se incluyen en los ficheros automatizados espec\u00edficos de usuarios de los [&hellip;]<\/p>\n","protected":false},"author":1,"featured_media":0,"parent":0,"menu_order":0,"comment_status":"closed","ping_status":"open","template":"","meta":{"footnotes":""},"class_list":["post-3","page","type-page","status-publish","hentry"],"_links":{"self":[{"href":"https:\/\/www.fisiosanit.com\/index.php\/wp-json\/wp\/v2\/pages\/3","targetHints":{"allow":["GET"]}}],"collection":[{"href":"https:\/\/www.fisiosanit.com\/index.php\/wp-json\/wp\/v2\/pages"}],"about":[{"href":"https:\/\/www.fisiosanit.com\/index.php\/wp-json\/wp\/v2\/types\/page"}],"author":[{"embeddable":true,"href":"https:\/\/www.fisiosanit.com\/index.php\/wp-json\/wp\/v2\/users\/1"}],"replies":[{"embeddable":true,"href":"https:\/\/www.fisiosanit.com\/index.php\/wp-json\/wp\/v2\/comments?post=3"}],"version-history":[{"count":1,"href":"https:\/\/www.fisiosanit.com\/index.php\/wp-json\/wp\/v2\/pages\/3\/revisions"}],"predecessor-version":[{"id":163,"href":"https:\/\/www.fisiosanit.com\/index.php\/wp-json\/wp\/v2\/pages\/3\/revisions\/163"}],"wp:attachment":[{"href":"https:\/\/www.fisiosanit.com\/index.php\/wp-json\/wp\/v2\/media?parent=3"}],"curies":[{"name":"wp","href":"https:\/\/api.w.org\/{rel}","templated":true}]}}