{"id":159,"date":"2025-01-03T12:32:41","date_gmt":"2025-01-03T12:32:41","guid":{"rendered":"https:\/\/www.fisiosanit.com\/?page_id=159"},"modified":"2025-01-03T12:32:41","modified_gmt":"2025-01-03T12:32:41","slug":"aviso-legal","status":"publish","type":"page","link":"https:\/\/www.fisiosanit.com\/index.php\/aviso-legal\/","title":{"rendered":"Aviso Legal"},"content":{"rendered":"\n<div class=\"wp-block-columns is-layout-flex wp-container-core-columns-is-layout-9d6595d7 wp-block-columns-is-layout-flex\">\n<div class=\"wp-block-column is-layout-flow wp-block-column-is-layout-flow\" style=\"flex-basis:66.66%\">\n<p>En cumplimiento con el deber de informaci\u00f3n recogido en art\u00edculo 10 de la Ley 34\/2002, de 11 de julio, de Servicios de la Sociedad de la Informaci\u00f3n y del Comercio Electr\u00f3nico (LSSICE), el propietario de la web <a href=\"https:\/\/www.fisiosanit.com\/\">https:\/\/www.fisiosanit.com\/<\/a>, le informa de lo siguiente:<\/p>\n\n\n\n<ul class=\"wp-block-list\">\n<li><strong>Denominaci\u00f3n social:<\/strong> Itziar S\u00e1nchez Fern\u00e1ndez<\/li>\n\n\n\n<li><strong>NIF:<\/strong> 51503160L<\/li>\n\n\n\n<li><strong>Domicilio:<\/strong> Calle Isla de Arosa, 6, 2\u00ba B, 28035 &#8211; Madrid (Madrid)<\/li>\n<\/ul>\n\n\n\n<p>Con los l\u00edmites establecidos en la ley, <a href=\"https:\/\/www.fisiosanit.com\/\">https:\/\/www.fisiosanit.com\/<\/a> no asume ninguna responsabilidad derivada de la falta de veracidad, integridad, actualizaci\u00f3n y precisi\u00f3n de los datos o informaciones que se contienen en sus p\u00e1ginas de Internet.<\/p>\n\n\n\n<p>Los contenidos e informaci\u00f3n no vinculan a <a href=\"https:\/\/www.fisiosanit.com\/\">https:\/\/www.fisiosanit.com\/<\/a> ni constituyen opiniones, consejos o asesoramiento legal de ning\u00fan tipo pues se trata meramente de un servicio ofrecido con car\u00e1cter informativo y divulgativo.<\/p>\n\n\n\n<p>Las p\u00e1ginas de Internet de <a href=\"https:\/\/www.fisiosanit.com\/\">https:\/\/www.fisiosanit.com\/<\/a> pueden contener enlaces (links) a otras p\u00e1ginas de terceras partes que <a href=\"https:\/\/www.fisiosanit.com\/\">https:\/\/www.fisiosanit.com\/<\/a> no puede controlar. Por lo tanto, <a href=\"https:\/\/www.fisiosanit.com\/\">https:\/\/www.fisiosanit.com\/<\/a> no puede asumir responsabilidades por el contenido que pueda aparecer en p\u00e1ginas de terceros.<\/p>\n\n\n\n<p>Los textos, im\u00e1genes, sonidos, animaciones, software y el resto de contenidos incluidos en este website son propiedad exclusiva de <a href=\"https:\/\/www.fisiosanit.com\/\">https:\/\/www.fisiosanit.com\/<\/a> o sus licenciantes. Cualquier acto de transmisi\u00f3n, distribuci\u00f3n, cesi\u00f3n, reproducci\u00f3n, almacenamiento o comunicaci\u00f3n p\u00fablica total o parcial, debe contar con el consentimiento expreso de <a href=\"https:\/\/www.fisiosanit.com\/\">https:\/\/www.fisiosanit.com\/<\/a>.<\/p>\n\n\n\n<p>Asimismo, para acceder a algunos de los servicios que <a href=\"https:\/\/www.fisiosanit.com\/\">https:\/\/www.fisiosanit.com\/<\/a> ofrece a trav\u00e9s del website deber\u00e1 proporcionar algunos datos de car\u00e1cter personal. En cumplimiento de lo establecido en el Reglamento (UE) 2016\/679 del Parlamento Europeo y del Consejo, de 27 de abril de 2016, relativo a la protecci\u00f3n de las personas f\u00edsicas en lo que respecta al tratamiento de datos personales y a la libre circulaci\u00f3n de estos datos, le informamos que, mediante la cumplimentaci\u00f3n de los presentes formularios, sus datos personales quedar\u00e1n incorporados y ser\u00e1n tratados en los ficheros de Itziar S\u00e1nchez Fern\u00e1ndez con el fin de poderle prestar y ofrecer nuestros servicios as\u00ed como para informarle de las mejoras del sitio Web. Asimismo, le informamos de la posibilidad de que ejerza los derechos de acceso, rectificaci\u00f3n, cancelaci\u00f3n y oposici\u00f3n de sus datos de car\u00e1cter personal, manera gratuita mediante email a <strong><a>ixi_93_@hotmail.com<\/a><\/strong> o en la direcci\u00f3n <strong>Calle Isla de Arosa, 6, 2\u00ba B, 28035 &#8211; Madrid (Madrid)<\/strong>.<\/p>\n<\/div>\n\n\n\n<div class=\"wp-block-column is-layout-flow wp-block-column-is-layout-flow\" style=\"flex-basis:33.33%\"><\/div>\n<\/div>\n","protected":false},"excerpt":{"rendered":"<p>En cumplimiento con el deber de informaci\u00f3n recogido en art\u00edculo 10 de la Ley 34\/2002, de 11 de julio, de Servicios de la Sociedad de la Informaci\u00f3n y del Comercio Electr\u00f3nico (LSSICE), el propietario de la web https:\/\/www.fisiosanit.com\/, le informa de lo siguiente: Con los l\u00edmites establecidos en la ley, https:\/\/www.fisiosanit.com\/ no asume ninguna responsabilidad [&hellip;]<\/p>\n","protected":false},"author":1,"featured_media":0,"parent":0,"menu_order":0,"comment_status":"closed","ping_status":"closed","template":"","meta":{"footnotes":""},"class_list":["post-159","page","type-page","status-publish","hentry"],"_links":{"self":[{"href":"https:\/\/www.fisiosanit.com\/index.php\/wp-json\/wp\/v2\/pages\/159","targetHints":{"allow":["GET"]}}],"collection":[{"href":"https:\/\/www.fisiosanit.com\/index.php\/wp-json\/wp\/v2\/pages"}],"about":[{"href":"https:\/\/www.fisiosanit.com\/index.php\/wp-json\/wp\/v2\/types\/page"}],"author":[{"embeddable":true,"href":"https:\/\/www.fisiosanit.com\/index.php\/wp-json\/wp\/v2\/users\/1"}],"replies":[{"embeddable":true,"href":"https:\/\/www.fisiosanit.com\/index.php\/wp-json\/wp\/v2\/comments?post=159"}],"version-history":[{"count":2,"href":"https:\/\/www.fisiosanit.com\/index.php\/wp-json\/wp\/v2\/pages\/159\/revisions"}],"predecessor-version":[{"id":162,"href":"https:\/\/www.fisiosanit.com\/index.php\/wp-json\/wp\/v2\/pages\/159\/revisions\/162"}],"wp:attachment":[{"href":"https:\/\/www.fisiosanit.com\/index.php\/wp-json\/wp\/v2\/media?parent=159"}],"curies":[{"name":"wp","href":"https:\/\/api.w.org\/{rel}","templated":true}]}}